{"id":151,"date":"2023-06-29T18:27:08","date_gmt":"2023-06-29T16:27:08","guid":{"rendered":"http:\/\/bochemoa.com\/?page_id=151"},"modified":"2023-07-26T16:30:01","modified_gmt":"2023-07-26T14:30:01","slug":"home-staging","status":"publish","type":"page","link":"https:\/\/bochemoa.com\/index.php\/home-staging\/","title":{"rendered":"HOME STAGING"},"content":{"rendered":"\n<p class=\"has-text-align-center\">Le Home staging a pour but de vendre votre bien immobilier au prix du march\u00e9, et le plus rapidement possible.<\/p>\n\n\n\n<p class=\"has-text-align-center\">L&rsquo;id\u00e9e n&rsquo;est donc pas de se lancer dans des travaux d\u00e9mesur\u00e9s ou d&rsquo;investir trop d&rsquo;argent dans les r\u00e9novations. Le plus important \u00e9tant d&rsquo;obtenir un logement propre, a\u00e9r\u00e9, et de d\u00e9corer de mani\u00e8re \u00ab\u00a0d\u00e9personnalis\u00e9e\u00a0\u00bb pour que l&rsquo;acheteur puisse s&rsquo;y projeter et se sentir chez lui.<\/p>\n\n\n\n<p class=\"has-text-align-center\">Toutefois, si certaines r\u00e9novations importantes semblent indispensables \u00e0 la vente de votre bien, il faudra peut-\u00eatre mettre un peu plus de budget afin de r\u00e9parer les gros d\u00e9g\u00e2ts, afin de ne pas faire fuir les acheteurs potentiels !<\/p>\n\n\n\n<p><\/p>\n\n\n\n<p class=\"has-text-align-center\">Vous \u00eates int\u00e9ress\u00e9 ? Voici un r\u00e9sum\u00e9 du d\u00e9roulement d&rsquo;un Home Staging&#8230;.<\/p>\n\n\n\n<div style=\"height:72px\" aria-hidden=\"true\" class=\"wp-block-spacer\"><\/div>\n\n\n\n<div class=\"wp-block-media-text alignwide has-media-on-the-right is-stacked-on-mobile\"><div class=\"wp-block-media-text__content\">\n<h2 class=\"wp-block-heading\">ETAPE 1 : AUDIT<\/h2>\n\n\n\n<p class=\"has-text-align-left\"><br>Je viens faire l&rsquo;\u00e9tat des lieux et vous r\u00e9dige un contre rendu avec mes propositions d\u2019am\u00e9liorations.<\/p>\n<\/div><figure class=\"wp-block-media-text__media\"><img loading=\"lazy\" decoding=\"async\" width=\"1024\" height=\"829\" src=\"http:\/\/bochemoa.com\/wp-content\/uploads\/2023\/07\/glenn-carstens-peters-RLw-UC03Gwc-unsplash-1-1024x829.jpg\" alt=\"\" class=\"wp-image-380 size-full\" srcset=\"https:\/\/bochemoa.com\/wp-content\/uploads\/2023\/07\/glenn-carstens-peters-RLw-UC03Gwc-unsplash-1-1024x829.jpg 1024w, https:\/\/bochemoa.com\/wp-content\/uploads\/2023\/07\/glenn-carstens-peters-RLw-UC03Gwc-unsplash-1-300x243.jpg 300w, https:\/\/bochemoa.com\/wp-content\/uploads\/2023\/07\/glenn-carstens-peters-RLw-UC03Gwc-unsplash-1-768x622.jpg 768w, https:\/\/bochemoa.com\/wp-content\/uploads\/2023\/07\/glenn-carstens-peters-RLw-UC03Gwc-unsplash-1.jpg 1050w\" sizes=\"auto, (max-width: 1024px) 100vw, 1024px\" \/><\/figure><\/div>\n\n\n\n<div style=\"height:49px\" aria-hidden=\"true\" class=\"wp-block-spacer\"><\/div>\n\n\n\n<div class=\"wp-block-media-text alignwide is-stacked-on-mobile\"><figure class=\"wp-block-media-text__media\"><img loading=\"lazy\" decoding=\"async\" width=\"1024\" height=\"829\" src=\"http:\/\/bochemoa.com\/wp-content\/uploads\/2023\/07\/david-pisnoy-46juD4zY1XA-unsplash-1024x829.jpg\" alt=\"\" class=\"wp-image-567 size-full\" srcset=\"https:\/\/bochemoa.com\/wp-content\/uploads\/2023\/07\/david-pisnoy-46juD4zY1XA-unsplash-1024x829.jpg 1024w, https:\/\/bochemoa.com\/wp-content\/uploads\/2023\/07\/david-pisnoy-46juD4zY1XA-unsplash-300x243.jpg 300w, https:\/\/bochemoa.com\/wp-content\/uploads\/2023\/07\/david-pisnoy-46juD4zY1XA-unsplash-768x622.jpg 768w, https:\/\/bochemoa.com\/wp-content\/uploads\/2023\/07\/david-pisnoy-46juD4zY1XA-unsplash.jpg 1050w\" sizes=\"auto, (max-width: 1024px) 100vw, 1024px\" \/><\/figure><div class=\"wp-block-media-text__content\">\n<h2 class=\"wp-block-heading\">ETAPE 2 : STAGING<\/h2>\n\n\n\n<p><br>On met en \u0153uvre les am\u00e9liorations que vous aurez choisi d&rsquo;effectuer. <\/p>\n\n\n\n<p>La mise en \u0153uvre peut se faire soit par vous m\u00eame &#8211; si vous \u00eates bricoleur &#8211; ou par une entreprise ! Auquel cas, je peux vous sugg\u00e9rer des professionnels de confiance.<\/p>\n<\/div><\/div>\n\n\n\n<div style=\"height:51px\" aria-hidden=\"true\" class=\"wp-block-spacer\"><\/div>\n\n\n\n<div class=\"wp-block-media-text alignwide has-media-on-the-right is-stacked-on-mobile\"><div class=\"wp-block-media-text__content\">\n<h2 class=\"wp-block-heading\">ETAPE 3 : MISE EN VENTE<\/h2>\n\n\n\n<p><br>Tout beau tout propre ! Votre bien est pr\u00eat \u00e0 \u00eatre (re)mis en vente.<\/p>\n\n\n\n<p>Dans l&rsquo;id\u00e9al, optez pour un photographe professionnel pour vos photos d&rsquo;annonce immobili\u00e8re. Sinon, nous pourront les prendre ensemble avant de mettre en ligne votre nouvelle annonce !<\/p>\n<\/div><figure class=\"wp-block-media-text__media\"><img loading=\"lazy\" decoding=\"async\" width=\"1024\" height=\"829\" src=\"http:\/\/bochemoa.com\/wp-content\/uploads\/2023\/07\/photo-1050-1024x829.jpg\" alt=\"\" class=\"wp-image-568 size-full\" srcset=\"https:\/\/bochemoa.com\/wp-content\/uploads\/2023\/07\/photo-1050-1024x829.jpg 1024w, https:\/\/bochemoa.com\/wp-content\/uploads\/2023\/07\/photo-1050-300x243.jpg 300w, https:\/\/bochemoa.com\/wp-content\/uploads\/2023\/07\/photo-1050-768x622.jpg 768w, https:\/\/bochemoa.com\/wp-content\/uploads\/2023\/07\/photo-1050.jpg 1050w\" sizes=\"auto, (max-width: 1024px) 100vw, 1024px\" \/><\/figure><\/div>\n\n\n\n<div style=\"height:103px\" aria-hidden=\"true\" class=\"wp-block-spacer\"><\/div>\n\n\n\n<div class=\"wp-block-buttons is-content-justification-center is-layout-flex wp-container-core-buttons-is-layout-16018d1d wp-block-buttons-is-layout-flex\">\n<div class=\"wp-block-button is-style-outline is-style-outline--1\"><a class=\"wp-block-button__link has-text-align-center wp-element-button\" href=\"http:\/\/bochemoa.com\/index.php\/blog\/\" target=\"_blank\" rel=\"noreferrer noopener\">VOIR LES TARIFS<\/a><\/div>\n<\/div>\n\n\n\n<div style=\"height:54px\" aria-hidden=\"true\" class=\"wp-block-spacer\"><\/div>\n\n\n\n<p class=\"has-text-align-center\">Dans la mesure du possible, si votre bien n&rsquo;est pas encore en contrat de vente aupr\u00e8s d&rsquo;une agence immobili\u00e8re, j&rsquo;ai des partenaires parmi les agents immobiliers avec qui j&rsquo;appr\u00e9cie de travailler. Nous pouvons ainsi faire la visite ensemble et donc avoir 2 avis diff\u00e9rents (le mien orient\u00e9 esth\u00e9tique et fonctionnalit\u00e9, et celui de l&rsquo;agent qui a plus d&rsquo;exp\u00e9rience sur ce qui se vend facilement dans le secteur). Cela me permet de travailler encore plus efficacement.<\/p>\n\n\n\n<div style=\"height:151px\" aria-hidden=\"true\" class=\"wp-block-spacer\"><\/div>\n","protected":false},"excerpt":{"rendered":"<p>Le Home staging a pour but de vendre votre bien immobilier au prix du march\u00e9, et le plus rapidement possible. L&rsquo;id\u00e9e n&rsquo;est donc pas de se lancer dans des travaux d\u00e9mesur\u00e9s ou d&rsquo;investir trop d&rsquo;argent dans les r\u00e9novations. Le plus important \u00e9tant d&rsquo;obtenir un logement propre, a\u00e9r\u00e9, et de d\u00e9corer de mani\u00e8re \u00ab\u00a0d\u00e9personnalis\u00e9e\u00a0\u00bb pour que &hellip; <\/p>\n<p class=\"link-more\"><a href=\"https:\/\/bochemoa.com\/index.php\/home-staging\/\" class=\"more-link\">Lire la suite de<span class=\"screen-reader-text\">\u00ab\u00a0HOME STAGING\u00a0\u00bb<\/span><\/a><\/p>\n","protected":false},"author":1,"featured_media":0,"parent":0,"menu_order":0,"comment_status":"closed","ping_status":"closed","template":"","meta":{"footnotes":""},"class_list":["post-151","page","type-page","status-publish","hentry"],"_links":{"self":[{"href":"https:\/\/bochemoa.com\/index.php\/wp-json\/wp\/v2\/pages\/151","targetHints":{"allow":["GET"]}}],"collection":[{"href":"https:\/\/bochemoa.com\/index.php\/wp-json\/wp\/v2\/pages"}],"about":[{"href":"https:\/\/bochemoa.com\/index.php\/wp-json\/wp\/v2\/types\/page"}],"author":[{"embeddable":true,"href":"https:\/\/bochemoa.com\/index.php\/wp-json\/wp\/v2\/users\/1"}],"replies":[{"embeddable":true,"href":"https:\/\/bochemoa.com\/index.php\/wp-json\/wp\/v2\/comments?post=151"}],"version-history":[{"count":29,"href":"https:\/\/bochemoa.com\/index.php\/wp-json\/wp\/v2\/pages\/151\/revisions"}],"predecessor-version":[{"id":569,"href":"https:\/\/bochemoa.com\/index.php\/wp-json\/wp\/v2\/pages\/151\/revisions\/569"}],"wp:attachment":[{"href":"https:\/\/bochemoa.com\/index.php\/wp-json\/wp\/v2\/media?parent=151"}],"curies":[{"name":"wp","href":"https:\/\/api.w.org\/{rel}","templated":true}]}}