{"id":269,"date":"2023-06-30T15:37:12","date_gmt":"2023-06-30T13:37:12","guid":{"rendered":"https:\/\/bochemoa.com\/?page_id=269"},"modified":"2024-11-22T14:57:27","modified_gmt":"2024-11-22T13:57:27","slug":"retro-chic-70s","status":"publish","type":"page","link":"https:\/\/bochemoa.com\/index.php\/retro-chic-70s\/","title":{"rendered":"RETRO CHIC 70&rsquo;S"},"content":{"rendered":"\n<p class=\"has-text-align-center\">Projet d\u2019examen : Un appartement de 80m\u00b2 \u00e0 r\u00e9nover compl\u00e8tement dans un style 70\u2019s, mais centr\u00e9 sur l\u2019\u00e9l\u00e9gance de la simplicit\u00e9.<\/p>\n\n\n\n<p class=\"has-text-align-center\">Voici un extrait de ma pr\u00e9sentation de projet<\/p>\n\n\n\n<div style=\"height:55px\" aria-hidden=\"true\" class=\"wp-block-spacer\"><\/div>\n\n\n\n<h1 class=\"wp-block-heading has-text-align-center\">Mon point de d\u00e9part <\/h1>\n\n\n\n<p>Le plan de l&rsquo;existant, repr\u00e9sente, comme son nom l&rsquo;indique, l&rsquo;\u00e9tat du logement tel qu&rsquo;il est actuellement. C&rsquo;est en g\u00e9n\u00e9ral le plan que vous avez eu lors de l&rsquo;achat de l&rsquo;appartement. Il peut \u00eatre \u00e0 rectifier si des travaux ont \u00e9t\u00e9 faits depuis, ou si certaines mesures sont erron\u00e9es.<\/p>\n\n\n\n<figure class=\"wp-block-image size-large\"><img loading=\"lazy\" decoding=\"async\" width=\"1024\" height=\"721\" src=\"http:\/\/bochemoa.com\/wp-content\/uploads\/2023\/07\/PROJET-DEXAMEN_Page_10-1024x721.png\" alt=\"\" class=\"wp-image-461\" srcset=\"https:\/\/bochemoa.com\/wp-content\/uploads\/2023\/07\/PROJET-DEXAMEN_Page_10-1024x721.png 1024w, https:\/\/bochemoa.com\/wp-content\/uploads\/2023\/07\/PROJET-DEXAMEN_Page_10-300x211.png 300w, https:\/\/bochemoa.com\/wp-content\/uploads\/2023\/07\/PROJET-DEXAMEN_Page_10-768x541.png 768w, https:\/\/bochemoa.com\/wp-content\/uploads\/2023\/07\/PROJET-DEXAMEN_Page_10-1536x1082.png 1536w, https:\/\/bochemoa.com\/wp-content\/uploads\/2023\/07\/PROJET-DEXAMEN_Page_10-2048x1443.png 2048w, https:\/\/bochemoa.com\/wp-content\/uploads\/2023\/07\/PROJET-DEXAMEN_Page_10-2000x1409.png 2000w\" sizes=\"auto, (max-width: 1024px) 100vw, 1024px\" \/><\/figure>\n\n\n\n<p>On garde la  \u00ab\u00a0coque\u00a0\u00bb que forment les murs porteurs&#8230;et on casse tout \u00e0 l&rsquo;int\u00e9rieur, pour repartir de z\u00e9ro, et cr\u00e9er un nouvel AGENCEMENT. Une fois la d\u00e9limitation des nouvelles pi\u00e8ces effectu\u00e9e, on passe \u00e0 l&rsquo;AMENAGEMENT. Voici celui que j&rsquo;ai choisi pour ce projet:<\/p>\n\n\n\n<figure class=\"wp-block-image alignwide size-large\"><img loading=\"lazy\" decoding=\"async\" width=\"1024\" height=\"724\" src=\"http:\/\/bochemoa.com\/wp-content\/uploads\/2023\/07\/PROJET-DEXAMEN_Page_14-1024x724.png\" alt=\"\" class=\"wp-image-463\" srcset=\"https:\/\/bochemoa.com\/wp-content\/uploads\/2023\/07\/PROJET-DEXAMEN_Page_14-1024x724.png 1024w, https:\/\/bochemoa.com\/wp-content\/uploads\/2023\/07\/PROJET-DEXAMEN_Page_14-300x212.png 300w, https:\/\/bochemoa.com\/wp-content\/uploads\/2023\/07\/PROJET-DEXAMEN_Page_14-768x543.png 768w, https:\/\/bochemoa.com\/wp-content\/uploads\/2023\/07\/PROJET-DEXAMEN_Page_14-1536x1086.png 1536w, https:\/\/bochemoa.com\/wp-content\/uploads\/2023\/07\/PROJET-DEXAMEN_Page_14-2048x1448.png 2048w, https:\/\/bochemoa.com\/wp-content\/uploads\/2023\/07\/PROJET-DEXAMEN_Page_14-2000x1414.png 2000w\" sizes=\"auto, (max-width: 1024px) 100vw, 1024px\" \/><\/figure>\n\n\n\n<p>Vous avez remarqu\u00e9 les diff\u00e9rences? <\/p>\n\n\n\n<ul class=\"wp-block-list\">\n<li>On a d\u00e9plac\u00e9 la salle de bain, qui devient attenante et accessible depuis la chambre. Id\u00e9al pour un couple sans enfants!<\/li>\n<\/ul>\n\n\n\n<ul class=\"wp-block-list\">\n<li>On vient cr\u00e9er un bureau pour monsieur qui t\u00e9l\u00e9travaille, et une salle de sport pour madame qui adore le yoga. La petite astuce pour avoir de la lumi\u00e8re naturelle dans cette pi\u00e8ce? Une demi cloison avec verri\u00e8re qui la d\u00e9limite du bureau, au lieu d&rsquo;une cloison pleine.<\/li>\n<\/ul>\n\n\n\n<ul class=\"wp-block-list\">\n<li>La cuisine change de c\u00f4t\u00e9, et s&rsquo;ouvre sur le salon, pour une sensation d&rsquo;espace.<\/li>\n<\/ul>\n\n\n\n<ul class=\"wp-block-list\">\n<li>Les WC changent \u00e9galement de place, ce qui lib\u00e8re l&rsquo;espace pour la cr\u00e9ation d&rsquo;une buanderie&#8230;<\/li>\n<\/ul>\n\n\n\n<ul class=\"wp-block-list\">\n<li>On optimise le rangement avec un grand dressing dans la chambre, une arche sur mesure autour de la porte d&rsquo;entr\u00e9e, et une cuisine toute hauteur.<\/li>\n<\/ul>\n\n\n\n<p>Alors, vous en pensez quoi?<\/p>\n\n\n\n<p>Je vous laisse d\u00e9couvrir les visuels de projection!<\/p>\n\n\n\n<h1 class=\"wp-block-heading has-text-align-center\">Les visuels du projet:<\/h1>\n\n\n\n<p>Planches d&rsquo;ambiance, des mat\u00e9riaux, du mobilier, visuels 3D photor\u00e9alistes&#8230; Voici un extrait des documents du projet. C&rsquo;est exactement le type de documents que vous recevrez si on travaille ensemble sur un projet de conception d&rsquo;espace.<\/p>\n\n\n\n<div style=\"height:41px\" aria-hidden=\"true\" class=\"wp-block-spacer\"><\/div>\n\n\n\n<h2 class=\"wp-block-heading has-text-align-center\">L&rsquo;entr\u00e9e<\/h2>\n\n\n\n<figure class=\"wp-block-image alignwide size-large\"><img loading=\"lazy\" decoding=\"async\" width=\"1024\" height=\"724\" src=\"http:\/\/bochemoa.com\/wp-content\/uploads\/2023\/07\/PROJET-DEXAMEN_Page_20-1024x724.png\" alt=\"\" class=\"wp-image-465\" srcset=\"https:\/\/bochemoa.com\/wp-content\/uploads\/2023\/07\/PROJET-DEXAMEN_Page_20-1024x724.png 1024w, https:\/\/bochemoa.com\/wp-content\/uploads\/2023\/07\/PROJET-DEXAMEN_Page_20-300x212.png 300w, https:\/\/bochemoa.com\/wp-content\/uploads\/2023\/07\/PROJET-DEXAMEN_Page_20-768x543.png 768w, https:\/\/bochemoa.com\/wp-content\/uploads\/2023\/07\/PROJET-DEXAMEN_Page_20-1536x1086.png 1536w, https:\/\/bochemoa.com\/wp-content\/uploads\/2023\/07\/PROJET-DEXAMEN_Page_20-2048x1448.png 2048w, https:\/\/bochemoa.com\/wp-content\/uploads\/2023\/07\/PROJET-DEXAMEN_Page_20-2000x1414.png 2000w\" sizes=\"auto, (max-width: 1024px) 100vw, 1024px\" \/><\/figure>\n\n\n\n<figure class=\"wp-block-image alignwide size-large\"><img loading=\"lazy\" decoding=\"async\" width=\"1024\" height=\"745\" src=\"http:\/\/bochemoa.com\/wp-content\/uploads\/2023\/07\/PROJET-DEXAMEN_Page_22-1024x745.png\" alt=\"\" class=\"wp-image-466\" srcset=\"https:\/\/bochemoa.com\/wp-content\/uploads\/2023\/07\/PROJET-DEXAMEN_Page_22-1024x745.png 1024w, https:\/\/bochemoa.com\/wp-content\/uploads\/2023\/07\/PROJET-DEXAMEN_Page_22-300x218.png 300w, https:\/\/bochemoa.com\/wp-content\/uploads\/2023\/07\/PROJET-DEXAMEN_Page_22-768x559.png 768w, https:\/\/bochemoa.com\/wp-content\/uploads\/2023\/07\/PROJET-DEXAMEN_Page_22-1536x1118.png 1536w, https:\/\/bochemoa.com\/wp-content\/uploads\/2023\/07\/PROJET-DEXAMEN_Page_22-2048x1491.png 2048w, https:\/\/bochemoa.com\/wp-content\/uploads\/2023\/07\/PROJET-DEXAMEN_Page_22-2000x1456.png 2000w\" sizes=\"auto, (max-width: 1024px) 100vw, 1024px\" \/><\/figure>\n\n\n\n<div style=\"height:54px\" aria-hidden=\"true\" class=\"wp-block-spacer\"><\/div>\n\n\n\n<h2 class=\"wp-block-heading has-text-align-center\">La cuisine<\/h2>\n\n\n\n<figure class=\"wp-block-image alignwide size-large\"><img loading=\"lazy\" decoding=\"async\" width=\"1024\" height=\"724\" src=\"http:\/\/bochemoa.com\/wp-content\/uploads\/2023\/07\/PROJET-DEXAMEN_Page_24-1024x724.png\" alt=\"\" class=\"wp-image-473\" srcset=\"https:\/\/bochemoa.com\/wp-content\/uploads\/2023\/07\/PROJET-DEXAMEN_Page_24-1024x724.png 1024w, https:\/\/bochemoa.com\/wp-content\/uploads\/2023\/07\/PROJET-DEXAMEN_Page_24-300x212.png 300w, https:\/\/bochemoa.com\/wp-content\/uploads\/2023\/07\/PROJET-DEXAMEN_Page_24-768x543.png 768w, https:\/\/bochemoa.com\/wp-content\/uploads\/2023\/07\/PROJET-DEXAMEN_Page_24-1536x1086.png 1536w, https:\/\/bochemoa.com\/wp-content\/uploads\/2023\/07\/PROJET-DEXAMEN_Page_24-2048x1448.png 2048w, https:\/\/bochemoa.com\/wp-content\/uploads\/2023\/07\/PROJET-DEXAMEN_Page_24-2000x1414.png 2000w\" sizes=\"auto, (max-width: 1024px) 100vw, 1024px\" \/><\/figure>\n\n\n\n<figure class=\"wp-block-image alignwide size-large\"><img loading=\"lazy\" decoding=\"async\" width=\"1024\" height=\"726\" src=\"http:\/\/bochemoa.com\/wp-content\/uploads\/2023\/07\/PROJET-DEXAMEN_Page_25-1024x726.png\" alt=\"\" class=\"wp-image-475\" srcset=\"https:\/\/bochemoa.com\/wp-content\/uploads\/2023\/07\/PROJET-DEXAMEN_Page_25-1024x726.png 1024w, https:\/\/bochemoa.com\/wp-content\/uploads\/2023\/07\/PROJET-DEXAMEN_Page_25-300x213.png 300w, https:\/\/bochemoa.com\/wp-content\/uploads\/2023\/07\/PROJET-DEXAMEN_Page_25-768x544.png 768w\" sizes=\"auto, (max-width: 1024px) 100vw, 1024px\" \/><\/figure>\n\n\n\n<figure class=\"wp-block-image alignwide size-large\"><img loading=\"lazy\" decoding=\"async\" width=\"1024\" height=\"724\" src=\"http:\/\/bochemoa.com\/wp-content\/uploads\/2023\/07\/PROJET-DEXAMEN_Page_26-1024x724.png\" alt=\"\" class=\"wp-image-471\" srcset=\"https:\/\/bochemoa.com\/wp-content\/uploads\/2023\/07\/PROJET-DEXAMEN_Page_26-1024x724.png 1024w, https:\/\/bochemoa.com\/wp-content\/uploads\/2023\/07\/PROJET-DEXAMEN_Page_26-300x212.png 300w, https:\/\/bochemoa.com\/wp-content\/uploads\/2023\/07\/PROJET-DEXAMEN_Page_26-768x543.png 768w, https:\/\/bochemoa.com\/wp-content\/uploads\/2023\/07\/PROJET-DEXAMEN_Page_26-1536x1086.png 1536w, https:\/\/bochemoa.com\/wp-content\/uploads\/2023\/07\/PROJET-DEXAMEN_Page_26-2048x1448.png 2048w, https:\/\/bochemoa.com\/wp-content\/uploads\/2023\/07\/PROJET-DEXAMEN_Page_26-2000x1414.png 2000w\" sizes=\"auto, (max-width: 1024px) 100vw, 1024px\" \/><\/figure>\n\n\n\n<div style=\"height:54px\" aria-hidden=\"true\" class=\"wp-block-spacer\"><\/div>\n\n\n\n<h2 class=\"wp-block-heading has-text-align-center\">Le salon<\/h2>\n\n\n\n<figure class=\"wp-block-image alignwide size-large\"><img loading=\"lazy\" decoding=\"async\" width=\"1024\" height=\"724\" src=\"http:\/\/bochemoa.com\/wp-content\/uploads\/2023\/07\/PROJET-DEXAMEN_Page_28-1024x724.png\" alt=\"\" class=\"wp-image-474\" srcset=\"https:\/\/bochemoa.com\/wp-content\/uploads\/2023\/07\/PROJET-DEXAMEN_Page_28-1024x724.png 1024w, https:\/\/bochemoa.com\/wp-content\/uploads\/2023\/07\/PROJET-DEXAMEN_Page_28-300x212.png 300w, https:\/\/bochemoa.com\/wp-content\/uploads\/2023\/07\/PROJET-DEXAMEN_Page_28-768x543.png 768w, https:\/\/bochemoa.com\/wp-content\/uploads\/2023\/07\/PROJET-DEXAMEN_Page_28-1536x1086.png 1536w, https:\/\/bochemoa.com\/wp-content\/uploads\/2023\/07\/PROJET-DEXAMEN_Page_28-2048x1448.png 2048w, https:\/\/bochemoa.com\/wp-content\/uploads\/2023\/07\/PROJET-DEXAMEN_Page_28-2000x1414.png 2000w\" sizes=\"auto, (max-width: 1024px) 100vw, 1024px\" \/><\/figure>\n\n\n\n<figure class=\"wp-block-image alignwide size-large\"><img loading=\"lazy\" decoding=\"async\" width=\"1024\" height=\"724\" src=\"http:\/\/bochemoa.com\/wp-content\/uploads\/2023\/07\/PROJET-DEXAMEN_Page_30-1024x724.png\" alt=\"\" class=\"wp-image-472\" srcset=\"https:\/\/bochemoa.com\/wp-content\/uploads\/2023\/07\/PROJET-DEXAMEN_Page_30-1024x724.png 1024w, https:\/\/bochemoa.com\/wp-content\/uploads\/2023\/07\/PROJET-DEXAMEN_Page_30-300x212.png 300w, https:\/\/bochemoa.com\/wp-content\/uploads\/2023\/07\/PROJET-DEXAMEN_Page_30-768x543.png 768w, https:\/\/bochemoa.com\/wp-content\/uploads\/2023\/07\/PROJET-DEXAMEN_Page_30-1536x1086.png 1536w, https:\/\/bochemoa.com\/wp-content\/uploads\/2023\/07\/PROJET-DEXAMEN_Page_30-2048x1448.png 2048w, https:\/\/bochemoa.com\/wp-content\/uploads\/2023\/07\/PROJET-DEXAMEN_Page_30-2000x1414.png 2000w\" sizes=\"auto, (max-width: 1024px) 100vw, 1024px\" \/><\/figure>\n\n\n\n<figure class=\"wp-block-image alignwide size-large\"><img loading=\"lazy\" decoding=\"async\" width=\"1024\" height=\"775\" src=\"http:\/\/bochemoa.com\/wp-content\/uploads\/2023\/07\/PROJET-DEXAMEN_Page_56-1-1024x775.png\" alt=\"\" class=\"wp-image-485\" srcset=\"https:\/\/bochemoa.com\/wp-content\/uploads\/2023\/07\/PROJET-DEXAMEN_Page_56-1-1024x775.png 1024w, https:\/\/bochemoa.com\/wp-content\/uploads\/2023\/07\/PROJET-DEXAMEN_Page_56-1-300x227.png 300w, https:\/\/bochemoa.com\/wp-content\/uploads\/2023\/07\/PROJET-DEXAMEN_Page_56-1-768x581.png 768w, https:\/\/bochemoa.com\/wp-content\/uploads\/2023\/07\/PROJET-DEXAMEN_Page_56-1-1536x1162.png 1536w, https:\/\/bochemoa.com\/wp-content\/uploads\/2023\/07\/PROJET-DEXAMEN_Page_56-1-2048x1549.png 2048w, https:\/\/bochemoa.com\/wp-content\/uploads\/2023\/07\/PROJET-DEXAMEN_Page_56-1-2000x1513.png 2000w\" sizes=\"auto, (max-width: 1024px) 100vw, 1024px\" \/><\/figure>\n\n\n\n<div style=\"height:54px\" aria-hidden=\"true\" class=\"wp-block-spacer\"><\/div>\n\n\n\n<h2 class=\"wp-block-heading has-text-align-center\">La chambre et sa salle de bain<\/h2>\n\n\n\n<figure class=\"wp-block-image alignwide size-large\"><img loading=\"lazy\" decoding=\"async\" width=\"1024\" height=\"724\" src=\"http:\/\/bochemoa.com\/wp-content\/uploads\/2023\/07\/PROJET-DEXAMEN_Page_32-1024x724.png\" alt=\"\" class=\"wp-image-478\" srcset=\"https:\/\/bochemoa.com\/wp-content\/uploads\/2023\/07\/PROJET-DEXAMEN_Page_32-1024x724.png 1024w, https:\/\/bochemoa.com\/wp-content\/uploads\/2023\/07\/PROJET-DEXAMEN_Page_32-300x212.png 300w, https:\/\/bochemoa.com\/wp-content\/uploads\/2023\/07\/PROJET-DEXAMEN_Page_32-768x543.png 768w, https:\/\/bochemoa.com\/wp-content\/uploads\/2023\/07\/PROJET-DEXAMEN_Page_32-1536x1086.png 1536w, https:\/\/bochemoa.com\/wp-content\/uploads\/2023\/07\/PROJET-DEXAMEN_Page_32-2048x1448.png 2048w, https:\/\/bochemoa.com\/wp-content\/uploads\/2023\/07\/PROJET-DEXAMEN_Page_32-2000x1414.png 2000w\" sizes=\"auto, (max-width: 1024px) 100vw, 1024px\" \/><\/figure>\n\n\n\n<figure class=\"wp-block-image alignwide size-large\"><img loading=\"lazy\" decoding=\"async\" width=\"1024\" height=\"726\" src=\"http:\/\/bochemoa.com\/wp-content\/uploads\/2023\/07\/PROJET-DEXAMEN_Page_33-1024x726.png\" alt=\"\" class=\"wp-image-480\" srcset=\"https:\/\/bochemoa.com\/wp-content\/uploads\/2023\/07\/PROJET-DEXAMEN_Page_33-1024x726.png 1024w, https:\/\/bochemoa.com\/wp-content\/uploads\/2023\/07\/PROJET-DEXAMEN_Page_33-300x213.png 300w, https:\/\/bochemoa.com\/wp-content\/uploads\/2023\/07\/PROJET-DEXAMEN_Page_33-768x544.png 768w, https:\/\/bochemoa.com\/wp-content\/uploads\/2023\/07\/PROJET-DEXAMEN_Page_33-1536x1088.png 1536w\" sizes=\"auto, (max-width: 1024px) 100vw, 1024px\" \/><\/figure>\n\n\n\n<figure class=\"wp-block-image alignwide size-large\"><img loading=\"lazy\" decoding=\"async\" width=\"1024\" height=\"775\" src=\"http:\/\/bochemoa.com\/wp-content\/uploads\/2023\/07\/PROJET-DEXAMEN_Page_60-1024x775.png\" alt=\"\" class=\"wp-image-486\" srcset=\"https:\/\/bochemoa.com\/wp-content\/uploads\/2023\/07\/PROJET-DEXAMEN_Page_60-1024x775.png 1024w, https:\/\/bochemoa.com\/wp-content\/uploads\/2023\/07\/PROJET-DEXAMEN_Page_60-300x227.png 300w, https:\/\/bochemoa.com\/wp-content\/uploads\/2023\/07\/PROJET-DEXAMEN_Page_60-768x581.png 768w, https:\/\/bochemoa.com\/wp-content\/uploads\/2023\/07\/PROJET-DEXAMEN_Page_60-1536x1162.png 1536w, https:\/\/bochemoa.com\/wp-content\/uploads\/2023\/07\/PROJET-DEXAMEN_Page_60-2048x1549.png 2048w, https:\/\/bochemoa.com\/wp-content\/uploads\/2023\/07\/PROJET-DEXAMEN_Page_60-2000x1513.png 2000w\" sizes=\"auto, (max-width: 1024px) 100vw, 1024px\" \/><\/figure>\n\n\n\n<figure class=\"wp-block-image size-large\"><img loading=\"lazy\" decoding=\"async\" width=\"1024\" height=\"724\" src=\"http:\/\/bochemoa.com\/wp-content\/uploads\/2023\/07\/PROJET-DEXAMEN_Page_36-1024x724.png\" alt=\"\" class=\"wp-image-481\" srcset=\"https:\/\/bochemoa.com\/wp-content\/uploads\/2023\/07\/PROJET-DEXAMEN_Page_36-1024x724.png 1024w, https:\/\/bochemoa.com\/wp-content\/uploads\/2023\/07\/PROJET-DEXAMEN_Page_36-300x212.png 300w, https:\/\/bochemoa.com\/wp-content\/uploads\/2023\/07\/PROJET-DEXAMEN_Page_36-768x543.png 768w, https:\/\/bochemoa.com\/wp-content\/uploads\/2023\/07\/PROJET-DEXAMEN_Page_36-1536x1086.png 1536w, https:\/\/bochemoa.com\/wp-content\/uploads\/2023\/07\/PROJET-DEXAMEN_Page_36-2048x1448.png 2048w, https:\/\/bochemoa.com\/wp-content\/uploads\/2023\/07\/PROJET-DEXAMEN_Page_36-2000x1414.png 2000w\" sizes=\"auto, (max-width: 1024px) 100vw, 1024px\" \/><\/figure>\n\n\n\n<figure class=\"wp-block-image alignwide size-large\"><img loading=\"lazy\" decoding=\"async\" width=\"1024\" height=\"724\" src=\"http:\/\/bochemoa.com\/wp-content\/uploads\/2023\/07\/PROJET-DEXAMEN_Page_37-1024x724.png\" alt=\"\" class=\"wp-image-479\" srcset=\"https:\/\/bochemoa.com\/wp-content\/uploads\/2023\/07\/PROJET-DEXAMEN_Page_37-1024x724.png 1024w, https:\/\/bochemoa.com\/wp-content\/uploads\/2023\/07\/PROJET-DEXAMEN_Page_37-300x212.png 300w, https:\/\/bochemoa.com\/wp-content\/uploads\/2023\/07\/PROJET-DEXAMEN_Page_37-768x543.png 768w, https:\/\/bochemoa.com\/wp-content\/uploads\/2023\/07\/PROJET-DEXAMEN_Page_37-1536x1086.png 1536w, https:\/\/bochemoa.com\/wp-content\/uploads\/2023\/07\/PROJET-DEXAMEN_Page_37-2048x1448.png 2048w, https:\/\/bochemoa.com\/wp-content\/uploads\/2023\/07\/PROJET-DEXAMEN_Page_37-2000x1414.png 2000w\" sizes=\"auto, (max-width: 1024px) 100vw, 1024px\" \/><\/figure>\n\n\n\n<figure class=\"wp-block-image alignwide size-large\"><img loading=\"lazy\" decoding=\"async\" width=\"1024\" height=\"724\" src=\"http:\/\/bochemoa.com\/wp-content\/uploads\/2023\/07\/PROJET-DEXAMEN_Page_18-1-1024x724.png\" alt=\"\" class=\"wp-image-482\" srcset=\"https:\/\/bochemoa.com\/wp-content\/uploads\/2023\/07\/PROJET-DEXAMEN_Page_18-1-1024x724.png 1024w, https:\/\/bochemoa.com\/wp-content\/uploads\/2023\/07\/PROJET-DEXAMEN_Page_18-1-300x212.png 300w, https:\/\/bochemoa.com\/wp-content\/uploads\/2023\/07\/PROJET-DEXAMEN_Page_18-1-768x543.png 768w, https:\/\/bochemoa.com\/wp-content\/uploads\/2023\/07\/PROJET-DEXAMEN_Page_18-1-1536x1086.png 1536w, https:\/\/bochemoa.com\/wp-content\/uploads\/2023\/07\/PROJET-DEXAMEN_Page_18-1-2048x1448.png 2048w, https:\/\/bochemoa.com\/wp-content\/uploads\/2023\/07\/PROJET-DEXAMEN_Page_18-1-2000x1414.png 2000w\" sizes=\"auto, (max-width: 1024px) 100vw, 1024px\" \/><\/figure>\n\n\n\n<div style=\"height:54px\" aria-hidden=\"true\" class=\"wp-block-spacer\"><\/div>\n\n\n\n<h2 class=\"wp-block-heading has-text-align-center\">Le bureau<\/h2>\n\n\n\n<figure class=\"wp-block-image alignwide size-large\"><img loading=\"lazy\" decoding=\"async\" width=\"1024\" height=\"724\" src=\"http:\/\/bochemoa.com\/wp-content\/uploads\/2023\/07\/PROJET-DEXAMEN_Page_40-1024x724.png\" alt=\"\" class=\"wp-image-487\" srcset=\"https:\/\/bochemoa.com\/wp-content\/uploads\/2023\/07\/PROJET-DEXAMEN_Page_40-1024x724.png 1024w, https:\/\/bochemoa.com\/wp-content\/uploads\/2023\/07\/PROJET-DEXAMEN_Page_40-300x212.png 300w, https:\/\/bochemoa.com\/wp-content\/uploads\/2023\/07\/PROJET-DEXAMEN_Page_40-768x543.png 768w, https:\/\/bochemoa.com\/wp-content\/uploads\/2023\/07\/PROJET-DEXAMEN_Page_40-1536x1086.png 1536w, https:\/\/bochemoa.com\/wp-content\/uploads\/2023\/07\/PROJET-DEXAMEN_Page_40-2048x1448.png 2048w, https:\/\/bochemoa.com\/wp-content\/uploads\/2023\/07\/PROJET-DEXAMEN_Page_40-2000x1414.png 2000w\" sizes=\"auto, (max-width: 1024px) 100vw, 1024px\" \/><\/figure>\n\n\n\n<figure class=\"wp-block-image alignwide size-large\"><img loading=\"lazy\" decoding=\"async\" width=\"1024\" height=\"726\" src=\"http:\/\/bochemoa.com\/wp-content\/uploads\/2023\/07\/PROJET-DEXAMEN_Page_41-1024x726.png\" alt=\"\" class=\"wp-image-494\" srcset=\"https:\/\/bochemoa.com\/wp-content\/uploads\/2023\/07\/PROJET-DEXAMEN_Page_41-1024x726.png 1024w, https:\/\/bochemoa.com\/wp-content\/uploads\/2023\/07\/PROJET-DEXAMEN_Page_41-300x213.png 300w, https:\/\/bochemoa.com\/wp-content\/uploads\/2023\/07\/PROJET-DEXAMEN_Page_41-768x544.png 768w, https:\/\/bochemoa.com\/wp-content\/uploads\/2023\/07\/PROJET-DEXAMEN_Page_41-1536x1088.png 1536w\" sizes=\"auto, (max-width: 1024px) 100vw, 1024px\" \/><\/figure>\n\n\n\n<div style=\"height:54px\" aria-hidden=\"true\" class=\"wp-block-spacer\"><\/div>\n\n\n\n<h2 class=\"wp-block-heading has-text-align-center\">Les WC<\/h2>\n\n\n\n<figure class=\"wp-block-image alignwide size-large\"><img loading=\"lazy\" decoding=\"async\" width=\"1024\" height=\"724\" src=\"http:\/\/bochemoa.com\/wp-content\/uploads\/2023\/07\/PROJET-DEXAMEN_Page_48-1024x724.png\" alt=\"\" class=\"wp-image-495\" srcset=\"https:\/\/bochemoa.com\/wp-content\/uploads\/2023\/07\/PROJET-DEXAMEN_Page_48-1024x724.png 1024w, https:\/\/bochemoa.com\/wp-content\/uploads\/2023\/07\/PROJET-DEXAMEN_Page_48-300x212.png 300w, https:\/\/bochemoa.com\/wp-content\/uploads\/2023\/07\/PROJET-DEXAMEN_Page_48-768x543.png 768w, https:\/\/bochemoa.com\/wp-content\/uploads\/2023\/07\/PROJET-DEXAMEN_Page_48-1536x1086.png 1536w, https:\/\/bochemoa.com\/wp-content\/uploads\/2023\/07\/PROJET-DEXAMEN_Page_48-2048x1448.png 2048w, https:\/\/bochemoa.com\/wp-content\/uploads\/2023\/07\/PROJET-DEXAMEN_Page_48-2000x1414.png 2000w\" sizes=\"auto, (max-width: 1024px) 100vw, 1024px\" \/><\/figure>\n\n\n\n<div style=\"height:54px\" aria-hidden=\"true\" class=\"wp-block-spacer\"><\/div>\n\n\n\n<p class=\"has-text-align-center\">Alors, \u00e7a vous a plu ?<\/p>\n\n\n\n<div style=\"height:100px\" aria-hidden=\"true\" class=\"wp-block-spacer\"><\/div>\n","protected":false},"excerpt":{"rendered":"<p>Projet d\u2019examen : Un appartement de 80m\u00b2 \u00e0 r\u00e9nover compl\u00e8tement dans un style 70\u2019s, mais centr\u00e9 sur l\u2019\u00e9l\u00e9gance de la simplicit\u00e9. Voici un extrait de ma pr\u00e9sentation de projet Mon point de d\u00e9part Le plan de l&rsquo;existant, repr\u00e9sente, comme son nom l&rsquo;indique, l&rsquo;\u00e9tat du logement tel qu&rsquo;il est actuellement. C&rsquo;est en g\u00e9n\u00e9ral le plan que &hellip; <\/p>\n<p class=\"link-more\"><a href=\"https:\/\/bochemoa.com\/index.php\/retro-chic-70s\/\" class=\"more-link\">Lire la suite de<span class=\"screen-reader-text\">\u00ab\u00a0RETRO CHIC 70&rsquo;S\u00a0\u00bb<\/span><\/a><\/p>\n","protected":false},"author":1,"featured_media":0,"parent":0,"menu_order":0,"comment_status":"closed","ping_status":"closed","template":"","meta":{"footnotes":""},"class_list":["post-269","page","type-page","status-publish","hentry"],"_links":{"self":[{"href":"https:\/\/bochemoa.com\/index.php\/wp-json\/wp\/v2\/pages\/269","targetHints":{"allow":["GET"]}}],"collection":[{"href":"https:\/\/bochemoa.com\/index.php\/wp-json\/wp\/v2\/pages"}],"about":[{"href":"https:\/\/bochemoa.com\/index.php\/wp-json\/wp\/v2\/types\/page"}],"author":[{"embeddable":true,"href":"https:\/\/bochemoa.com\/index.php\/wp-json\/wp\/v2\/users\/1"}],"replies":[{"embeddable":true,"href":"https:\/\/bochemoa.com\/index.php\/wp-json\/wp\/v2\/comments?post=269"}],"version-history":[{"count":15,"href":"https:\/\/bochemoa.com\/index.php\/wp-json\/wp\/v2\/pages\/269\/revisions"}],"predecessor-version":[{"id":961,"href":"https:\/\/bochemoa.com\/index.php\/wp-json\/wp\/v2\/pages\/269\/revisions\/961"}],"wp:attachment":[{"href":"https:\/\/bochemoa.com\/index.php\/wp-json\/wp\/v2\/media?parent=269"}],"curies":[{"name":"wp","href":"https:\/\/api.w.org\/{rel}","templated":true}]}}