{"id":309,"date":"2023-06-30T16:05:26","date_gmt":"2023-06-30T14:05:26","guid":{"rendered":"https:\/\/bochemoa.com\/?page_id=309"},"modified":"2024-11-22T15:17:09","modified_gmt":"2024-11-22T14:17:09","slug":"espace-pro","status":"publish","type":"page","link":"https:\/\/bochemoa.com\/index.php\/espace-pro\/","title":{"rendered":"ESPACE PRO"},"content":{"rendered":"\n<h2 class=\"wp-block-heading has-text-align-center\"><strong><mark style=\"background-color:rgba(0, 0, 0, 0)\" class=\"has-inline-color has-black-color\">POURQUOI NE PAS COLLABORER ENSEMBLE ?<\/mark><\/strong><\/h2>\n\n\n\n<div style=\"height:46px\" aria-hidden=\"true\" class=\"wp-block-spacer\"><\/div>\n\n\n\n<p class=\"has-text-align-center\">Ma formation de d\u00e9coratrice &#8211; conseill\u00e8re en design d&rsquo;espace m&rsquo;a appris \u00e0 g\u00e9rer un projet de la phase Brief client jusqu&rsquo;\u00e0 la livraison du chantier. <\/p>\n\n\n\n<div style=\"height:62px\" aria-hidden=\"true\" class=\"wp-block-spacer\"><\/div>\n\n\n\n<div class=\"wp-block-group alignfull has-background\" style=\"background-color:#e5e9ec\"><div class=\"wp-block-group__inner-container is-layout-flow wp-block-group-is-layout-flow\">\n<div style=\"height:40px\" aria-hidden=\"true\" class=\"wp-block-spacer\"><\/div>\n\n\n\n<div class=\"wp-block-columns is-layout-flex wp-container-core-columns-is-layout-9d6595d7 wp-block-columns-is-layout-flex\">\n<div class=\"wp-block-column is-vertically-aligned-top is-layout-flow wp-block-column-is-layout-flow\">\n<figure class=\"wp-block-image size-large\"><img loading=\"lazy\" decoding=\"async\" width=\"1024\" height=\"630\" src=\"http:\/\/bochemoa.com\/wp-content\/uploads\/2023\/07\/Lit-nuit-1024x630.png\" alt=\"\" class=\"wp-image-384\" srcset=\"https:\/\/bochemoa.com\/wp-content\/uploads\/2023\/07\/Lit-nuit-1024x630.png 1024w, https:\/\/bochemoa.com\/wp-content\/uploads\/2023\/07\/Lit-nuit-300x185.png 300w, https:\/\/bochemoa.com\/wp-content\/uploads\/2023\/07\/Lit-nuit-768x472.png 768w, https:\/\/bochemoa.com\/wp-content\/uploads\/2023\/07\/Lit-nuit.png 1382w\" sizes=\"auto, (max-width: 1024px) 100vw, 1024px\" \/><figcaption class=\"wp-element-caption\">exemple de r\u00e9alisation de 3D photor\u00e9aliste<\/figcaption><\/figure>\n<\/div>\n\n\n\n<div class=\"wp-block-column is-vertically-aligned-center is-layout-flow wp-block-column-is-layout-flow\">\n<p class=\"has-text-align-left\"><strong>En freelance, je vous propose donc mes services pour la r\u00e9alisation de <\/strong><\/p>\n\n\n\n<ul class=\"wp-block-list\">\n<li><strong>plans 2D (autocad), <\/strong><\/li>\n\n\n\n<li><strong>visuels 3D (sketchup, twinmotion)<\/strong><\/li>\n\n\n\n<li><strong>moodboards, <\/strong><\/li>\n\n\n\n<li><strong>planches mat\u00e9riaux, mobiliers et luminaires.<\/strong><\/li>\n<\/ul>\n\n\n\n<p class=\"has-text-align-left\"><strong>Je peux \u00e9galement faire des recherches de produits respectant votre concept, et g\u00e9rer les shopping listes.<\/strong><\/p>\n\n\n\n<p class=\"has-text-align-left\"><strong>Tarif : 200\u20ac par jour de travail<\/strong>, soit un taux horaire de 25\u20ac\/heure<\/p>\n\n\n\n<div class=\"wp-block-buttons alignwide is-horizontal is-content-justification-center is-layout-flex wp-container-core-buttons-is-layout-ddb39544 wp-block-buttons-is-layout-flex\">\n<div class=\"wp-block-button is-style-outline is-style-outline--1\"><a class=\"wp-block-button__link wp-element-button\" href=\"http:\/\/bochemoa.com\/index.php\/realisations\/\" target=\"_blank\" rel=\"noreferrer noopener\">CONTACTEZ MOI<\/a><\/div>\n<\/div>\n\n\n\n<p><\/p>\n<\/div>\n<\/div>\n<\/div><\/div>\n\n\n\n<div style=\"height:51px\" aria-hidden=\"true\" class=\"wp-block-spacer\"><\/div>\n\n\n\n<h2 class=\"wp-block-heading has-text-align-center\">Exemple de r\u00e9alisation de plan d&rsquo;\u00e9lectricit\u00e9<\/h2>\n\n\n\n<figure class=\"wp-block-image size-large\"><img loading=\"lazy\" decoding=\"async\" width=\"1024\" height=\"724\" src=\"http:\/\/bochemoa.com\/wp-content\/uploads\/2023\/08\/PLAN-ELECTRICITE-1024x724.png\" alt=\"\" class=\"wp-image-600\" srcset=\"https:\/\/bochemoa.com\/wp-content\/uploads\/2023\/08\/PLAN-ELECTRICITE-1024x724.png 1024w, https:\/\/bochemoa.com\/wp-content\/uploads\/2023\/08\/PLAN-ELECTRICITE-300x212.png 300w, https:\/\/bochemoa.com\/wp-content\/uploads\/2023\/08\/PLAN-ELECTRICITE-768x543.png 768w, https:\/\/bochemoa.com\/wp-content\/uploads\/2023\/08\/PLAN-ELECTRICITE-1536x1086.png 1536w\" sizes=\"auto, (max-width: 1024px) 100vw, 1024px\" \/><\/figure>\n\n\n\n<h2 class=\"wp-block-heading has-text-align-center\">Exemple de r\u00e9alisation de coupe<\/h2>\n\n\n\n<figure class=\"wp-block-image size-large\"><img loading=\"lazy\" decoding=\"async\" width=\"1024\" height=\"724\" src=\"http:\/\/bochemoa.com\/wp-content\/uploads\/2023\/08\/COUPE-1024x724.png\" alt=\"\" class=\"wp-image-601\" srcset=\"https:\/\/bochemoa.com\/wp-content\/uploads\/2023\/08\/COUPE-1024x724.png 1024w, https:\/\/bochemoa.com\/wp-content\/uploads\/2023\/08\/COUPE-300x212.png 300w, https:\/\/bochemoa.com\/wp-content\/uploads\/2023\/08\/COUPE-768x543.png 768w, https:\/\/bochemoa.com\/wp-content\/uploads\/2023\/08\/COUPE-1536x1086.png 1536w, https:\/\/bochemoa.com\/wp-content\/uploads\/2023\/08\/COUPE-2048x1448.png 2048w, https:\/\/bochemoa.com\/wp-content\/uploads\/2023\/08\/COUPE-2000x1414.png 2000w\" sizes=\"auto, (max-width: 1024px) 100vw, 1024px\" \/><\/figure>\n\n\n\n<div style=\"height:40px\" aria-hidden=\"true\" class=\"wp-block-spacer\"><\/div>\n","protected":false},"excerpt":{"rendered":"<p>POURQUOI NE PAS COLLABORER ENSEMBLE ? Ma formation de d\u00e9coratrice &#8211; conseill\u00e8re en design d&rsquo;espace m&rsquo;a appris \u00e0 g\u00e9rer un projet de la phase Brief client jusqu&rsquo;\u00e0 la livraison du chantier. En freelance, je vous propose donc mes services pour la r\u00e9alisation de Je peux \u00e9galement faire des recherches de produits respectant votre concept, et &hellip; <\/p>\n<p class=\"link-more\"><a href=\"https:\/\/bochemoa.com\/index.php\/espace-pro\/\" class=\"more-link\">Lire la suite de<span class=\"screen-reader-text\">\u00ab\u00a0ESPACE PRO\u00a0\u00bb<\/span><\/a><\/p>\n","protected":false},"author":1,"featured_media":0,"parent":0,"menu_order":0,"comment_status":"closed","ping_status":"closed","template":"","meta":{"footnotes":""},"class_list":["post-309","page","type-page","status-publish","hentry"],"_links":{"self":[{"href":"https:\/\/bochemoa.com\/index.php\/wp-json\/wp\/v2\/pages\/309","targetHints":{"allow":["GET"]}}],"collection":[{"href":"https:\/\/bochemoa.com\/index.php\/wp-json\/wp\/v2\/pages"}],"about":[{"href":"https:\/\/bochemoa.com\/index.php\/wp-json\/wp\/v2\/types\/page"}],"author":[{"embeddable":true,"href":"https:\/\/bochemoa.com\/index.php\/wp-json\/wp\/v2\/users\/1"}],"replies":[{"embeddable":true,"href":"https:\/\/bochemoa.com\/index.php\/wp-json\/wp\/v2\/comments?post=309"}],"version-history":[{"count":22,"href":"https:\/\/bochemoa.com\/index.php\/wp-json\/wp\/v2\/pages\/309\/revisions"}],"predecessor-version":[{"id":965,"href":"https:\/\/bochemoa.com\/index.php\/wp-json\/wp\/v2\/pages\/309\/revisions\/965"}],"wp:attachment":[{"href":"https:\/\/bochemoa.com\/index.php\/wp-json\/wp\/v2\/media?parent=309"}],"curies":[{"name":"wp","href":"https:\/\/api.w.org\/{rel}","templated":true}]}}