{"id":93,"date":"2023-06-28T18:36:36","date_gmt":"2023-06-28T16:36:36","guid":{"rendered":"http:\/\/bochemoa.com\/?page_id=93"},"modified":"2024-11-22T14:51:43","modified_gmt":"2024-11-22T13:51:43","slug":"acceuil","status":"publish","type":"page","link":"https:\/\/bochemoa.com\/","title":{"rendered":"ACCUEIL"},"content":{"rendered":"\n<div class=\"wp-block-columns is-layout-flex wp-container-core-columns-is-layout-9d6595d7 wp-block-columns-is-layout-flex\">\n<div class=\"wp-block-column is-layout-flow wp-block-column-is-layout-flow\">\n<h2 class=\"wp-block-heading has-text-align-center\"><strong>En tant que designer d\u2019espace, je suis l\u00e0 pour vous aider \u00e0 concevoir ou \u00e0 revoir l\u2019am\u00e9nagement et la d\u00e9co de votre int\u00e9rieur.<\/strong><\/h2>\n\n\n\n<p class=\"has-text-align-center\">Vous avez un projet en t\u00eate ?<br>Ou vous avez simplement envie de changement ?<\/p>\n<\/div>\n<\/div>\n\n\n\n<div class=\"wp-block-buttons is-content-justification-center is-layout-flex wp-container-core-buttons-is-layout-16018d1d wp-block-buttons-is-layout-flex\">\n<div class=\"wp-block-button\"><a class=\"wp-block-button__link wp-element-button\" href=\"http:\/\/bochemoa.com\/index.php\/realisations\/\">D\u00e9marrez votre projet<\/a><\/div>\n<\/div>\n\n\n\n<div style=\"height:71px\" aria-hidden=\"true\" class=\"wp-block-spacer\"><\/div>\n\n\n\n<hr class=\"wp-block-separator has-alpha-channel-opacity\"\/>\n\n\n\n<div style=\"height:42px\" aria-hidden=\"true\" class=\"wp-block-spacer\"><\/div>\n\n\n\n<h2 class=\"wp-block-heading has-text-align-center\">Vous souhaitez vendre votre bien ?<\/h2>\n\n\n\n<p class=\"has-text-align-center\">Je vous propose une visite gratuite de votre int\u00e9rieur afin de d\u00e9terminer ensemble si un HOME STAGING serait utile pour vendre votre bien immobilier rapidement et au prix du march\u00e9. <\/p>\n\n\n\n<p class=\"has-text-align-center\">Ou si vous le pr\u00e9f\u00e9rez, vous pouvez m&rsquo;envoyer quelques photos de la mise en vente ! Si elles sont suffisamment repr\u00e9sentatives bien s\u00fbr !<\/p>\n\n\n\n<p class=\"has-text-align-center\">Pour plus de renseignements, c&rsquo;est par ici :<\/p>\n\n\n\n<div class=\"wp-block-buttons is-content-justification-center is-layout-flex wp-container-core-buttons-is-layout-16018d1d wp-block-buttons-is-layout-flex\">\n<div class=\"wp-block-button\"><a class=\"wp-block-button__link wp-element-button\" href=\"http:\/\/bochemoa.com\/index.php\/home-staging\/\">HOME STAGING<\/a><\/div>\n<\/div>\n\n\n\n<div style=\"height:100px\" aria-hidden=\"true\" class=\"wp-block-spacer\"><\/div>\n","protected":false},"excerpt":{"rendered":"<p>En tant que designer d\u2019espace, je suis l\u00e0 pour vous aider \u00e0 concevoir ou \u00e0 revoir l\u2019am\u00e9nagement et la d\u00e9co de votre int\u00e9rieur. Vous avez un projet en t\u00eate ?Ou vous avez simplement envie de changement ? Vous souhaitez vendre votre bien ? Je vous propose une visite gratuite de votre int\u00e9rieur afin de d\u00e9terminer &hellip; <\/p>\n<p class=\"link-more\"><a href=\"https:\/\/bochemoa.com\/\" class=\"more-link\">Lire la suite de<span class=\"screen-reader-text\">\u00ab\u00a0ACCUEIL\u00a0\u00bb<\/span><\/a><\/p>\n","protected":false},"author":1,"featured_media":0,"parent":0,"menu_order":0,"comment_status":"closed","ping_status":"closed","template":"","meta":{"footnotes":""},"class_list":["post-93","page","type-page","status-publish","hentry"],"_links":{"self":[{"href":"https:\/\/bochemoa.com\/index.php\/wp-json\/wp\/v2\/pages\/93","targetHints":{"allow":["GET"]}}],"collection":[{"href":"https:\/\/bochemoa.com\/index.php\/wp-json\/wp\/v2\/pages"}],"about":[{"href":"https:\/\/bochemoa.com\/index.php\/wp-json\/wp\/v2\/types\/page"}],"author":[{"embeddable":true,"href":"https:\/\/bochemoa.com\/index.php\/wp-json\/wp\/v2\/users\/1"}],"replies":[{"embeddable":true,"href":"https:\/\/bochemoa.com\/index.php\/wp-json\/wp\/v2\/comments?post=93"}],"version-history":[{"count":18,"href":"https:\/\/bochemoa.com\/index.php\/wp-json\/wp\/v2\/pages\/93\/revisions"}],"predecessor-version":[{"id":959,"href":"https:\/\/bochemoa.com\/index.php\/wp-json\/wp\/v2\/pages\/93\/revisions\/959"}],"wp:attachment":[{"href":"https:\/\/bochemoa.com\/index.php\/wp-json\/wp\/v2\/media?parent=93"}],"curies":[{"name":"wp","href":"https:\/\/api.w.org\/{rel}","templated":true}]}}